{"id":2200,"date":"2019-02-09T21:26:55","date_gmt":"2019-02-09T20:26:55","guid":{"rendered":"http:\/\/greenplanet-cannabisclub.com\/galeria-imagenes-green-planet-cannabis-club-barcelona\/"},"modified":"2019-05-17T16:18:41","modified_gmt":"2019-05-17T14:18:41","slug":"galleria-immagini-green-planet-cannabis-club-barcelona","status":"publish","type":"page","link":"https:\/\/greenplanet-cannabisclub.com\/it\/galleria-immagini-green-planet-cannabis-club-barcelona\/","title":{"rendered":"GALLERIA DI IMMAGINI"},"content":{"rendered":"\t\t<div data-elementor-type=\"wp-post\" data-elementor-id=\"2200\" class=\"elementor elementor-2200\">\n\t\t\t\t\t\t<section class=\"elementor-section elementor-top-section elementor-element elementor-element-3c25be4 elementor-section-boxed elementor-section-height-default elementor-section-height-default\" data-id=\"3c25be4\" data-element_type=\"section\">\n\t\t\t\t\t\t<div class=\"elementor-container elementor-column-gap-default\">\n\t\t\t\t\t<div class=\"elementor-column elementor-col-100 elementor-top-column elementor-element elementor-element-dd338f5\" data-id=\"dd338f5\" data-element_type=\"column\">\n\t\t\t<div class=\"elementor-widget-wrap elementor-element-populated\">\n\t\t\t\t\t\t<div class=\"elementor-element elementor-element-32b025a elementor-widget elementor-widget-image\" data-id=\"32b025a\" data-element_type=\"widget\" data-widget_type=\"image.default\">\n\t\t\t\t<div class=\"elementor-widget-container\">\n\t\t\t\t\t\t\t\t\t\t\t\t\t\t\t<img fetchpriority=\"high\" decoding=\"async\" width=\"1350\" height=\"900\" src=\"https:\/\/greenplanet-cannabisclub.com\/wp-content\/uploads\/2019\/04\/IMG_8729R.jpg\" class=\"attachment-full size-full wp-image-1726\" alt=\"GREEN PLANET (Barcelona) Asociaci\u00f3n Cann\u00e1bica sin \u00e1nimo de lucro para fumadores de Cannabis - Marihuana - Marijuana en Barcelona. CANNABIS CLUB SOCIAL IN BARCELONA.\" srcset=\"https:\/\/greenplanet-cannabisclub.com\/wp-content\/uploads\/2019\/04\/IMG_8729R.jpg 1350w, https:\/\/greenplanet-cannabisclub.com\/wp-content\/uploads\/2019\/04\/IMG_8729R-300x200.jpg 300w, https:\/\/greenplanet-cannabisclub.com\/wp-content\/uploads\/2019\/04\/IMG_8729R-768x512.jpg 768w, https:\/\/greenplanet-cannabisclub.com\/wp-content\/uploads\/2019\/04\/IMG_8729R-1024x683.jpg 1024w\" sizes=\"(max-width: 1350px) 100vw, 1350px\" \/>\t\t\t\t\t\t\t\t\t\t\t\t\t\t\t<\/div>\n\t\t\t\t<\/div>\n\t\t\t\t\t<\/div>\n\t\t<\/div>\n\t\t\t\t\t<\/div>\n\t\t<\/section>\n\t\t\t\t<section class=\"elementor-section elementor-top-section elementor-element elementor-element-fadcbe4 elementor-section-boxed elementor-section-height-default elementor-section-height-default\" data-id=\"fadcbe4\" data-element_type=\"section\">\n\t\t\t\t\t\t<div class=\"elementor-container elementor-column-gap-default\">\n\t\t\t\t\t<div class=\"elementor-column elementor-col-33 elementor-top-column elementor-element elementor-element-547cdc1\" data-id=\"547cdc1\" data-element_type=\"column\">\n\t\t\t<div class=\"elementor-widget-wrap elementor-element-populated\">\n\t\t\t\t\t\t<div class=\"elementor-element elementor-element-c3adbed elementor-widget elementor-widget-image\" data-id=\"c3adbed\" data-element_type=\"widget\" data-widget_type=\"image.default\">\n\t\t\t\t<div class=\"elementor-widget-container\">\n\t\t\t\t\t\t\t\t\t\t\t\t\t\t\t<img decoding=\"async\" width=\"696\" height=\"464\" src=\"https:\/\/greenplanet-cannabisclub.com\/wp-content\/uploads\/2019\/04\/IMG_8699R-1024x683.jpg\" class=\"attachment-large size-large wp-image-1713\" alt=\"GREEN PLANET (Barcelona) Asociaci\u00f3n Cann\u00e1bica sin \u00e1nimo de lucro para fumadores de Cannabis - Marihuana - Marijuana en Barcelona. CANNABIS CLUB SOCIAL IN BARCELONA.\" srcset=\"https:\/\/greenplanet-cannabisclub.com\/wp-content\/uploads\/2019\/04\/IMG_8699R-1024x683.jpg 1024w, https:\/\/greenplanet-cannabisclub.com\/wp-content\/uploads\/2019\/04\/IMG_8699R-300x200.jpg 300w, https:\/\/greenplanet-cannabisclub.com\/wp-content\/uploads\/2019\/04\/IMG_8699R-768x512.jpg 768w, https:\/\/greenplanet-cannabisclub.com\/wp-content\/uploads\/2019\/04\/IMG_8699R.jpg 1350w\" sizes=\"(max-width: 696px) 100vw, 696px\" \/>\t\t\t\t\t\t\t\t\t\t\t\t\t\t\t<\/div>\n\t\t\t\t<\/div>\n\t\t\t\t<div class=\"elementor-element elementor-element-9ce54c1 elementor-widget elementor-widget-image\" data-id=\"9ce54c1\" data-element_type=\"widget\" data-widget_type=\"image.default\">\n\t\t\t\t<div class=\"elementor-widget-container\">\n\t\t\t\t\t\t\t\t\t\t\t\t\t\t\t<img decoding=\"async\" width=\"696\" height=\"464\" src=\"https:\/\/greenplanet-cannabisclub.com\/wp-content\/uploads\/2019\/04\/IMG_8702R-1024x683.jpg\" class=\"attachment-large size-large wp-image-1716\" alt=\"GREEN PLANET (Barcelona) Asociaci\u00f3n Cann\u00e1bica sin \u00e1nimo de lucro para fumadores de Cannabis - Marihuana - Marijuana en Barcelona. CANNABIS CLUB SOCIAL IN BARCELONA.\" srcset=\"https:\/\/greenplanet-cannabisclub.com\/wp-content\/uploads\/2019\/04\/IMG_8702R-1024x683.jpg 1024w, https:\/\/greenplanet-cannabisclub.com\/wp-content\/uploads\/2019\/04\/IMG_8702R-300x200.jpg 300w, https:\/\/greenplanet-cannabisclub.com\/wp-content\/uploads\/2019\/04\/IMG_8702R-768x512.jpg 768w, https:\/\/greenplanet-cannabisclub.com\/wp-content\/uploads\/2019\/04\/IMG_8702R.jpg 1350w\" sizes=\"(max-width: 696px) 100vw, 696px\" \/>\t\t\t\t\t\t\t\t\t\t\t\t\t\t\t<\/div>\n\t\t\t\t<\/div>\n\t\t\t\t<div class=\"elementor-element elementor-element-baacc9c elementor-widget elementor-widget-image\" data-id=\"baacc9c\" data-element_type=\"widget\" data-widget_type=\"image.default\">\n\t\t\t\t<div class=\"elementor-widget-container\">\n\t\t\t\t\t\t\t\t\t\t\t\t\t\t\t<img loading=\"lazy\" decoding=\"async\" width=\"696\" height=\"464\" src=\"https:\/\/greenplanet-cannabisclub.com\/wp-content\/uploads\/2019\/04\/IMG_8722R-1024x683.jpg\" class=\"attachment-large size-large wp-image-1721\" alt=\"GREEN PLANET (Barcelona) Asociaci\u00f3n Cann\u00e1bica sin \u00e1nimo de lucro para fumadores de Cannabis - Marihuana - Marijuana en Barcelona. CANNABIS CLUB SOCIAL IN BARCELONA.\" srcset=\"https:\/\/greenplanet-cannabisclub.com\/wp-content\/uploads\/2019\/04\/IMG_8722R-1024x683.jpg 1024w, https:\/\/greenplanet-cannabisclub.com\/wp-content\/uploads\/2019\/04\/IMG_8722R-300x200.jpg 300w, https:\/\/greenplanet-cannabisclub.com\/wp-content\/uploads\/2019\/04\/IMG_8722R-768x512.jpg 768w, https:\/\/greenplanet-cannabisclub.com\/wp-content\/uploads\/2019\/04\/IMG_8722R.jpg 1350w\" sizes=\"(max-width: 696px) 100vw, 696px\" \/>\t\t\t\t\t\t\t\t\t\t\t\t\t\t\t<\/div>\n\t\t\t\t<\/div>\n\t\t\t\t<div class=\"elementor-element elementor-element-ebdacb9 elementor-widget elementor-widget-image\" data-id=\"ebdacb9\" data-element_type=\"widget\" data-widget_type=\"image.default\">\n\t\t\t\t<div class=\"elementor-widget-container\">\n\t\t\t\t\t\t\t\t\t\t\t\t\t\t\t<img loading=\"lazy\" decoding=\"async\" width=\"696\" height=\"464\" src=\"https:\/\/greenplanet-cannabisclub.com\/wp-content\/uploads\/2019\/04\/IMG_8724-IDG-R-1024x683.jpg\" class=\"attachment-large size-large wp-image-1722\" alt=\"GREEN PLANET (Barcelona) Asociaci\u00f3n Cann\u00e1bica sin \u00e1nimo de lucro para fumadores de Cannabis - Marihuana - Marijuana en Barcelona. CANNABIS CLUB SOCIAL IN BARCELONA.\" srcset=\"https:\/\/greenplanet-cannabisclub.com\/wp-content\/uploads\/2019\/04\/IMG_8724-IDG-R-1024x683.jpg 1024w, https:\/\/greenplanet-cannabisclub.com\/wp-content\/uploads\/2019\/04\/IMG_8724-IDG-R-300x200.jpg 300w, https:\/\/greenplanet-cannabisclub.com\/wp-content\/uploads\/2019\/04\/IMG_8724-IDG-R-768x512.jpg 768w, https:\/\/greenplanet-cannabisclub.com\/wp-content\/uploads\/2019\/04\/IMG_8724-IDG-R.jpg 1350w\" sizes=\"(max-width: 696px) 100vw, 696px\" \/>\t\t\t\t\t\t\t\t\t\t\t\t\t\t\t<\/div>\n\t\t\t\t<\/div>\n\t\t\t\t\t<\/div>\n\t\t<\/div>\n\t\t\t\t<div class=\"elementor-column elementor-col-33 elementor-top-column elementor-element elementor-element-45eece2\" data-id=\"45eece2\" data-element_type=\"column\">\n\t\t\t<div class=\"elementor-widget-wrap elementor-element-populated\">\n\t\t\t\t\t\t<div class=\"elementor-element elementor-element-e2db5c9 elementor-widget elementor-widget-image\" data-id=\"e2db5c9\" data-element_type=\"widget\" data-widget_type=\"image.default\">\n\t\t\t\t<div class=\"elementor-widget-container\">\n\t\t\t\t\t\t\t\t\t\t\t\t\t\t\t<img loading=\"lazy\" decoding=\"async\" width=\"696\" height=\"464\" src=\"https:\/\/greenplanet-cannabisclub.com\/wp-content\/uploads\/2019\/04\/IMG_8701R-1024x683.jpg\" class=\"attachment-large size-large wp-image-1714\" alt=\"GREEN PLANET (Barcelona) Asociaci\u00f3n Cann\u00e1bica sin \u00e1nimo de lucro para fumadores de Cannabis - Marihuana - Marijuana en Barcelona. CANNABIS CLUB SOCIAL IN BARCELONA.\" srcset=\"https:\/\/greenplanet-cannabisclub.com\/wp-content\/uploads\/2019\/04\/IMG_8701R-1024x683.jpg 1024w, https:\/\/greenplanet-cannabisclub.com\/wp-content\/uploads\/2019\/04\/IMG_8701R-300x200.jpg 300w, https:\/\/greenplanet-cannabisclub.com\/wp-content\/uploads\/2019\/04\/IMG_8701R-768x512.jpg 768w, https:\/\/greenplanet-cannabisclub.com\/wp-content\/uploads\/2019\/04\/IMG_8701R.jpg 1350w\" sizes=\"(max-width: 696px) 100vw, 696px\" \/>\t\t\t\t\t\t\t\t\t\t\t\t\t\t\t<\/div>\n\t\t\t\t<\/div>\n\t\t\t\t<div class=\"elementor-element elementor-element-dc9604f elementor-widget elementor-widget-image\" data-id=\"dc9604f\" data-element_type=\"widget\" data-widget_type=\"image.default\">\n\t\t\t\t<div class=\"elementor-widget-container\">\n\t\t\t\t\t\t\t\t\t\t\t\t\t\t\t<img loading=\"lazy\" decoding=\"async\" width=\"696\" height=\"464\" src=\"https:\/\/greenplanet-cannabisclub.com\/wp-content\/uploads\/2019\/04\/IMG_8712R-1024x683.jpg\" class=\"attachment-large size-large wp-image-1720\" alt=\"GREEN PLANET (Barcelona) Asociaci\u00f3n Cann\u00e1bica sin \u00e1nimo de lucro para fumadores de Cannabis - Marihuana - Marijuana en Barcelona. CANNABIS CLUB SOCIAL IN BARCELONA.\" srcset=\"https:\/\/greenplanet-cannabisclub.com\/wp-content\/uploads\/2019\/04\/IMG_8712R-1024x683.jpg 1024w, https:\/\/greenplanet-cannabisclub.com\/wp-content\/uploads\/2019\/04\/IMG_8712R-300x200.jpg 300w, https:\/\/greenplanet-cannabisclub.com\/wp-content\/uploads\/2019\/04\/IMG_8712R-768x512.jpg 768w, https:\/\/greenplanet-cannabisclub.com\/wp-content\/uploads\/2019\/04\/IMG_8712R.jpg 1350w\" sizes=\"(max-width: 696px) 100vw, 696px\" \/>\t\t\t\t\t\t\t\t\t\t\t\t\t\t\t<\/div>\n\t\t\t\t<\/div>\n\t\t\t\t<div class=\"elementor-element elementor-element-cff113e elementor-widget elementor-widget-image\" data-id=\"cff113e\" data-element_type=\"widget\" data-widget_type=\"image.default\">\n\t\t\t\t<div class=\"elementor-widget-container\">\n\t\t\t\t\t\t\t\t\t\t\t\t\t\t\t<img loading=\"lazy\" decoding=\"async\" width=\"696\" height=\"464\" src=\"https:\/\/greenplanet-cannabisclub.com\/wp-content\/uploads\/2019\/04\/IMG_8709R-1024x683.jpg\" class=\"attachment-large size-large wp-image-1718\" alt=\"GREEN PLANET (Barcelona) Asociaci\u00f3n Cann\u00e1bica sin \u00e1nimo de lucro para fumadores de Cannabis - Marihuana - Marijuana en Barcelona. CANNABIS CLUB SOCIAL IN BARCELONA.\" srcset=\"https:\/\/greenplanet-cannabisclub.com\/wp-content\/uploads\/2019\/04\/IMG_8709R-1024x683.jpg 1024w, https:\/\/greenplanet-cannabisclub.com\/wp-content\/uploads\/2019\/04\/IMG_8709R-300x200.jpg 300w, https:\/\/greenplanet-cannabisclub.com\/wp-content\/uploads\/2019\/04\/IMG_8709R-768x512.jpg 768w, https:\/\/greenplanet-cannabisclub.com\/wp-content\/uploads\/2019\/04\/IMG_8709R.jpg 1350w\" sizes=\"(max-width: 696px) 100vw, 696px\" \/>\t\t\t\t\t\t\t\t\t\t\t\t\t\t\t<\/div>\n\t\t\t\t<\/div>\n\t\t\t\t<div class=\"elementor-element elementor-element-523f888 elementor-widget elementor-widget-image\" data-id=\"523f888\" data-element_type=\"widget\" data-widget_type=\"image.default\">\n\t\t\t\t<div class=\"elementor-widget-container\">\n\t\t\t\t\t\t\t\t\t\t\t\t\t\t\t<img loading=\"lazy\" decoding=\"async\" width=\"696\" height=\"464\" src=\"https:\/\/greenplanet-cannabisclub.com\/wp-content\/uploads\/2019\/04\/IMG_8726R-1024x683.jpg\" class=\"attachment-large size-large wp-image-1723\" alt=\"GREEN PLANET (Barcelona) Asociaci\u00f3n Cann\u00e1bica sin \u00e1nimo de lucro para fumadores de Cannabis - Marihuana - Marijuana en Barcelona. CANNABIS CLUB SOCIAL IN BARCELONA.\" srcset=\"https:\/\/greenplanet-cannabisclub.com\/wp-content\/uploads\/2019\/04\/IMG_8726R-1024x683.jpg 1024w, https:\/\/greenplanet-cannabisclub.com\/wp-content\/uploads\/2019\/04\/IMG_8726R-300x200.jpg 300w, https:\/\/greenplanet-cannabisclub.com\/wp-content\/uploads\/2019\/04\/IMG_8726R-768x512.jpg 768w, https:\/\/greenplanet-cannabisclub.com\/wp-content\/uploads\/2019\/04\/IMG_8726R.jpg 1350w\" sizes=\"(max-width: 696px) 100vw, 696px\" \/>\t\t\t\t\t\t\t\t\t\t\t\t\t\t\t<\/div>\n\t\t\t\t<\/div>\n\t\t\t\t\t<\/div>\n\t\t<\/div>\n\t\t\t\t<div class=\"elementor-column elementor-col-33 elementor-top-column elementor-element elementor-element-dc2b428\" data-id=\"dc2b428\" data-element_type=\"column\">\n\t\t\t<div class=\"elementor-widget-wrap elementor-element-populated\">\n\t\t\t\t\t\t<div class=\"elementor-element elementor-element-9fb0aea elementor-widget elementor-widget-image\" data-id=\"9fb0aea\" data-element_type=\"widget\" data-widget_type=\"image.default\">\n\t\t\t\t<div class=\"elementor-widget-container\">\n\t\t\t\t\t\t\t\t\t\t\t\t\t\t\t<img loading=\"lazy\" decoding=\"async\" width=\"696\" height=\"464\" src=\"https:\/\/greenplanet-cannabisclub.com\/wp-content\/uploads\/2019\/04\/IMG_8702BIS-R-1024x683.jpg\" class=\"attachment-large size-large wp-image-1715\" alt=\"GREEN PLANET (Barcelona) Asociaci\u00f3n Cann\u00e1bica sin \u00e1nimo de lucro para fumadores de Cannabis - Marihuana - Marijuana en Barcelona. CANNABIS CLUB SOCIAL IN BARCELONA.\" srcset=\"https:\/\/greenplanet-cannabisclub.com\/wp-content\/uploads\/2019\/04\/IMG_8702BIS-R-1024x683.jpg 1024w, https:\/\/greenplanet-cannabisclub.com\/wp-content\/uploads\/2019\/04\/IMG_8702BIS-R-300x200.jpg 300w, https:\/\/greenplanet-cannabisclub.com\/wp-content\/uploads\/2019\/04\/IMG_8702BIS-R-768x512.jpg 768w, https:\/\/greenplanet-cannabisclub.com\/wp-content\/uploads\/2019\/04\/IMG_8702BIS-R.jpg 1350w\" sizes=\"(max-width: 696px) 100vw, 696px\" \/>\t\t\t\t\t\t\t\t\t\t\t\t\t\t\t<\/div>\n\t\t\t\t<\/div>\n\t\t\t\t<div class=\"elementor-element elementor-element-3773ad2 elementor-widget elementor-widget-image\" data-id=\"3773ad2\" data-element_type=\"widget\" data-widget_type=\"image.default\">\n\t\t\t\t<div class=\"elementor-widget-container\">\n\t\t\t\t\t\t\t\t\t\t\t\t\t\t\t<img loading=\"lazy\" decoding=\"async\" width=\"696\" height=\"464\" src=\"https:\/\/greenplanet-cannabisclub.com\/wp-content\/uploads\/2019\/04\/IMG_8728R-1024x683.jpg\" class=\"attachment-large size-large wp-image-1725\" alt=\"GREEN PLANET (Barcelona) Asociaci\u00f3n Cann\u00e1bica sin \u00e1nimo de lucro para fumadores de Cannabis - Marihuana - Marijuana en Barcelona. CANNABIS CLUB SOCIAL IN BARCELONA.\" srcset=\"https:\/\/greenplanet-cannabisclub.com\/wp-content\/uploads\/2019\/04\/IMG_8728R-1024x683.jpg 1024w, https:\/\/greenplanet-cannabisclub.com\/wp-content\/uploads\/2019\/04\/IMG_8728R-300x200.jpg 300w, https:\/\/greenplanet-cannabisclub.com\/wp-content\/uploads\/2019\/04\/IMG_8728R-768x512.jpg 768w, https:\/\/greenplanet-cannabisclub.com\/wp-content\/uploads\/2019\/04\/IMG_8728R.jpg 1350w\" sizes=\"(max-width: 696px) 100vw, 696px\" \/>\t\t\t\t\t\t\t\t\t\t\t\t\t\t\t<\/div>\n\t\t\t\t<\/div>\n\t\t\t\t<div class=\"elementor-element elementor-element-e8f3be8 elementor-widget elementor-widget-image\" data-id=\"e8f3be8\" data-element_type=\"widget\" data-widget_type=\"image.default\">\n\t\t\t\t<div class=\"elementor-widget-container\">\n\t\t\t\t\t\t\t\t\t\t\t\t\t\t\t<img loading=\"lazy\" decoding=\"async\" width=\"696\" height=\"464\" src=\"https:\/\/greenplanet-cannabisclub.com\/wp-content\/uploads\/2019\/04\/IMG_8704R-1024x683.jpg\" class=\"attachment-large size-large wp-image-1717\" alt=\"GREEN PLANET (Barcelona) Asociaci\u00f3n Cann\u00e1bica sin \u00e1nimo de lucro para fumadores de Cannabis - Marihuana - Marijuana en Barcelona. CANNABIS CLUB SOCIAL IN BARCELONA.\" srcset=\"https:\/\/greenplanet-cannabisclub.com\/wp-content\/uploads\/2019\/04\/IMG_8704R-1024x683.jpg 1024w, https:\/\/greenplanet-cannabisclub.com\/wp-content\/uploads\/2019\/04\/IMG_8704R-300x200.jpg 300w, https:\/\/greenplanet-cannabisclub.com\/wp-content\/uploads\/2019\/04\/IMG_8704R-768x512.jpg 768w, https:\/\/greenplanet-cannabisclub.com\/wp-content\/uploads\/2019\/04\/IMG_8704R.jpg 1350w\" sizes=\"(max-width: 696px) 100vw, 696px\" \/>\t\t\t\t\t\t\t\t\t\t\t\t\t\t\t<\/div>\n\t\t\t\t<\/div>\n\t\t\t\t<div class=\"elementor-element elementor-element-227557f elementor-widget elementor-widget-image\" data-id=\"227557f\" data-element_type=\"widget\" data-widget_type=\"image.default\">\n\t\t\t\t<div class=\"elementor-widget-container\">\n\t\t\t\t\t\t\t\t\t\t\t\t\t\t\t<img loading=\"lazy\" decoding=\"async\" width=\"696\" height=\"464\" src=\"https:\/\/greenplanet-cannabisclub.com\/wp-content\/uploads\/2019\/04\/IMG_8727R-1024x683.jpg\" class=\"attachment-large size-large wp-image-1724\" alt=\"GREEN PLANET (Barcelona) Asociaci\u00f3n Cann\u00e1bica sin \u00e1nimo de lucro para fumadores de Cannabis - Marihuana - Marijuana en Barcelona. CANNABIS CLUB SOCIAL IN BARCELONA.\" srcset=\"https:\/\/greenplanet-cannabisclub.com\/wp-content\/uploads\/2019\/04\/IMG_8727R-1024x683.jpg 1024w, https:\/\/greenplanet-cannabisclub.com\/wp-content\/uploads\/2019\/04\/IMG_8727R-300x200.jpg 300w, https:\/\/greenplanet-cannabisclub.com\/wp-content\/uploads\/2019\/04\/IMG_8727R-768x512.jpg 768w, https:\/\/greenplanet-cannabisclub.com\/wp-content\/uploads\/2019\/04\/IMG_8727R.jpg 1350w\" sizes=\"(max-width: 696px) 100vw, 696px\" \/>\t\t\t\t\t\t\t\t\t\t\t\t\t\t\t<\/div>\n\t\t\t\t<\/div>\n\t\t\t\t\t<\/div>\n\t\t<\/div>\n\t\t\t\t\t<\/div>\n\t\t<\/section>\n\t\t\t\t<\/div>\n\t\t","protected":false},"excerpt":{"rendered":"","protected":false},"author":2,"featured_media":0,"parent":0,"menu_order":0,"comment_status":"closed","ping_status":"closed","template":"template\/template-page-full-width.php","meta":{"footnotes":""},"class_list":["post-2200","page","type-page","status-publish","hentry"],"aioseo_notices":[],"_links":{"self":[{"href":"https:\/\/greenplanet-cannabisclub.com\/it\/wp-json\/wp\/v2\/pages\/2200","targetHints":{"allow":["GET"]}}],"collection":[{"href":"https:\/\/greenplanet-cannabisclub.com\/it\/wp-json\/wp\/v2\/pages"}],"about":[{"href":"https:\/\/greenplanet-cannabisclub.com\/it\/wp-json\/wp\/v2\/types\/page"}],"author":[{"embeddable":true,"href":"https:\/\/greenplanet-cannabisclub.com\/it\/wp-json\/wp\/v2\/users\/2"}],"replies":[{"embeddable":true,"href":"https:\/\/greenplanet-cannabisclub.com\/it\/wp-json\/wp\/v2\/comments?post=2200"}],"version-history":[{"count":2,"href":"https:\/\/greenplanet-cannabisclub.com\/it\/wp-json\/wp\/v2\/pages\/2200\/revisions"}],"predecessor-version":[{"id":2202,"href":"https:\/\/greenplanet-cannabisclub.com\/it\/wp-json\/wp\/v2\/pages\/2200\/revisions\/2202"}],"wp:attachment":[{"href":"https:\/\/greenplanet-cannabisclub.com\/it\/wp-json\/wp\/v2\/media?parent=2200"}],"curies":[{"name":"wp","href":"https:\/\/api.w.org\/{rel}","templated":true}]}}