{"id":2187,"date":"2019-02-09T21:26:55","date_gmt":"2019-02-09T20:26:55","guid":{"rendered":"http:\/\/greenplanet-cannabisclub.com\/contactar-greenplanet-cannabis-club-privado-barcelona\/"},"modified":"2021-03-29T00:51:47","modified_gmt":"2021-03-28T22:51:47","slug":"contatti-greenplanet-cannabis-club-privado-barcelona","status":"publish","type":"page","link":"https:\/\/greenplanet-cannabisclub.com\/it\/contatti-greenplanet-cannabis-club-privado-barcelona\/","title":{"rendered":"CONTATTI"},"content":{"rendered":"\t\t<div data-elementor-type=\"wp-post\" data-elementor-id=\"2187\" class=\"elementor elementor-2187\">\n\t\t\t\t\t\t<section class=\"elementor-section elementor-top-section elementor-element elementor-element-2f4eeda elementor-section-boxed elementor-section-height-default elementor-section-height-default\" data-id=\"2f4eeda\" data-element_type=\"section\">\n\t\t\t\t\t\t<div class=\"elementor-container elementor-column-gap-default\">\n\t\t\t\t\t<div class=\"elementor-column elementor-col-100 elementor-top-column elementor-element elementor-element-e0235b6\" data-id=\"e0235b6\" data-element_type=\"column\">\n\t\t\t<div class=\"elementor-widget-wrap elementor-element-populated\">\n\t\t\t\t\t\t<div class=\"elementor-element elementor-element-15b47fa elementor-widget elementor-widget-text-editor\" data-id=\"15b47fa\" data-element_type=\"widget\" data-widget_type=\"text-editor.default\">\n\t\t\t\t<div class=\"elementor-widget-container\">\n\t\t\t\t\t\t\t\t\t<h3 style=\"text-align: center;\">\u00a0<\/h3>\n<hr \/><hr \/>\n<h3 style=\"text-align: center;\">DOVE SIAMO <span style=\"color: #4bad05;\">ASSOCIAZIONE GREEN PLANET &#8211; CANNABIS CLUB BARCELLONA?<\/span><\/h3>\n<p align=\"justify\">Il<b>\u00a0ASOC. GREEN PLANET CANNABIS CLUB BARCELONA\u00a0<\/b>\u00e8 situato nel cuore della<span style=\"color: #4bad05;\"><b> Ciutad Vella, nel quartiere\u00a0<\/b><\/span><b style=\"font-size: 0.9375rem;\"><span style=\"color: #4bad05;\">Gotico,<\/span> <\/b>una delle zone pi\u00f9 antiche e storiche della citt\u00e0. Appena <b style=\"font-size: 0.9375rem;\"><span style=\"color: #4bad05;\"><span style=\"color: #000000;\">dietro<\/span> Pla\u00e7a Reial <\/span>\u00a0<\/b>e a soli\u00a0tre minuti a piedi da<b style=\"font-size: 0.9375rem;\"><span style=\"color: #4bad05;\"> La Rambla di Barcellona,<\/span> <\/b>in una zona dove sono presenti numerosi <b style=\"font-size: 0.9375rem;\">pub, ristoranti,\u00a0<\/b><b style=\"font-size: 0.9375rem;\">bar <\/b>e naturalmente <b style=\"font-size: 0.9375rem;\">il nostro club di Cannabis<\/b><span style=\"font-size: 0.9375rem;\">.<\/span><\/p>\n<p><\/p>\n<h3><iframe style=\"border: 0;\" src=\"https:\/\/www.google.com\/maps\/embed?pb=!1m18!1m12!1m3!1d5987.434549588637!2d2.171918929889519!3d41.38022692513211!2m3!1f0!2f0!3f0!3m2!1i1024!2i768!4f13.1!3m3!1m2!1s0x12a4a3fd4a560fab%3A0x18cc00b0f29e0135!2sAsoc.+Green+Planet+Cannabis+Club!5e0!3m2!1ses!2sus!4v1555229004782!5m2!1ses!2sus\" width=\"100%\" height=\"450\" frameborder=\"0\" allowfullscreen=\"allowfullscreen\"><\/iframe><\/h3>\t\t\t\t\t\t\t\t<\/div>\n\t\t\t\t<\/div>\n\t\t\t\t\t<\/div>\n\t\t<\/div>\n\t\t\t\t\t<\/div>\n\t\t<\/section>\n\t\t\t\t<section class=\"elementor-section elementor-top-section elementor-element elementor-element-3da6941 elementor-section-boxed elementor-section-height-default elementor-section-height-default\" data-id=\"3da6941\" data-element_type=\"section\">\n\t\t\t\t\t\t<div class=\"elementor-container elementor-column-gap-default\">\n\t\t\t\t\t<div class=\"elementor-column elementor-col-100 elementor-top-column elementor-element elementor-element-8e9cc4a\" data-id=\"8e9cc4a\" data-element_type=\"column\">\n\t\t\t<div class=\"elementor-widget-wrap elementor-element-populated\">\n\t\t\t\t\t\t<div class=\"elementor-element elementor-element-508589c elementor-widget elementor-widget-text-editor\" data-id=\"508589c\" data-element_type=\"widget\" data-widget_type=\"text-editor.default\">\n\t\t\t\t<div class=\"elementor-widget-container\">\n\t\t\t\t\t\t\t\t\t<p align=\"justify\"><strong><span style=\"color: #4bad05;\">RICORDA<\/span><\/strong> che per <strong>accedere al club<\/strong>, devi essere maggiorenne, essere gi\u00e0 consumatore di cannabis a scopo ludico o un consumatore terapeutico, con una malattia diagnosticata per la quale il consumo di cannabis \u00e8 ritenuto opportuno.<\/p>\t\t\t\t\t\t\t\t<\/div>\n\t\t\t\t<\/div>\n\t\t\t\t<div class=\"elementor-element elementor-element-0f96f8c elementor-widget elementor-widget-spacer\" data-id=\"0f96f8c\" data-element_type=\"widget\" data-widget_type=\"spacer.default\">\n\t\t\t\t<div class=\"elementor-widget-container\">\n\t\t\t\t\t\t\t<div class=\"elementor-spacer\">\n\t\t\t<div class=\"elementor-spacer-inner\"><\/div>\n\t\t<\/div>\n\t\t\t\t\t\t<\/div>\n\t\t\t\t<\/div>\n\t\t\t\t\t<\/div>\n\t\t<\/div>\n\t\t\t\t\t<\/div>\n\t\t<\/section>\n\t\t\t\t<section class=\"elementor-section elementor-top-section elementor-element elementor-element-e53af56 elementor-section-boxed elementor-section-height-default elementor-section-height-default\" data-id=\"e53af56\" data-element_type=\"section\">\n\t\t\t\t\t\t<div class=\"elementor-container elementor-column-gap-default\">\n\t\t\t\t\t<div class=\"elementor-column elementor-col-100 elementor-top-column elementor-element elementor-element-d63e995\" data-id=\"d63e995\" data-element_type=\"column\">\n\t\t\t<div class=\"elementor-widget-wrap elementor-element-populated\">\n\t\t\t\t\t\t<div class=\"elementor-element elementor-element-de2ea73 elementor-widget elementor-widget-text-editor\" data-id=\"de2ea73\" data-element_type=\"widget\" data-widget_type=\"text-editor.default\">\n\t\t\t\t<div class=\"elementor-widget-container\">\n\t\t\t\t\t\t\t\t\t<p><\/p>\n<p><\/p>\n<h3 class=\"wp-block-heading\"><strong>CONTATTACI <span style=\"color: #4bad05;\">ASOC. GREENPLANET CANNABIS CLUB (BARCELONA):<\/span><\/strong><\/h3>\n<h5>Se <span style=\"color: #4bad05;\">sei maggiorenne<\/span> e hai i requisiti per far parte della nostra Associazione, contattaci.<br \/>LEGGI ATTENTAMENTE LE <span style=\"color: #4bad05;\">NORME DI ACCESSO<\/span> CLUB o CONTATTACI PER <span style=\"color: #4bad05;\">ULTERIORI INFORMAZIONI<\/span><span style=\"color: #4bad05;\">.<\/span><\/h5>\t\t\t\t\t\t\t\t<\/div>\n\t\t\t\t<\/div>\n\t\t\t\t\t<\/div>\n\t\t<\/div>\n\t\t\t\t\t<\/div>\n\t\t<\/section>\n\t\t\t\t<section class=\"elementor-section elementor-top-section elementor-element elementor-element-a3565d4 elementor-section-boxed elementor-section-height-default elementor-section-height-default\" data-id=\"a3565d4\" data-element_type=\"section\">\n\t\t\t\t\t\t<div class=\"elementor-container elementor-column-gap-default\">\n\t\t\t\t\t<div class=\"elementor-column elementor-col-66 elementor-top-column elementor-element elementor-element-4f35d77\" data-id=\"4f35d77\" data-element_type=\"column\">\n\t\t\t<div class=\"elementor-widget-wrap elementor-element-populated\">\n\t\t\t\t\t\t<div class=\"elementor-element elementor-element-f67ec40 elementor-widget elementor-widget-wp-widget-custom_html\" data-id=\"f67ec40\" data-element_type=\"widget\" data-widget_type=\"wp-widget-custom_html.default\">\n\t\t\t\t<div class=\"elementor-widget-container\">\n\t\t\t\t\t<h5>FORUM DI CONTATTO<\/h5><div class=\"textwidget custom-html-widget\">\n<div class=\"wpcf7 no-js\" id=\"wpcf7-f2185-o1\" lang=\"es-ES\" dir=\"ltr\" data-wpcf7-id=\"2185\">\n<div class=\"screen-reader-response\"><p role=\"status\" aria-live=\"polite\" aria-atomic=\"true\"><\/p> <ul><\/ul><\/div>\n<form action=\"\/it\/wp-json\/wp\/v2\/pages\/2187#wpcf7-f2185-o1\" method=\"post\" class=\"wpcf7-form init\" aria-label=\"Formulario de contacto\" novalidate=\"novalidate\" data-status=\"init\">\n<div style=\"display: none;\">\n<input type=\"hidden\" name=\"_wpcf7\" value=\"2185\" \/>\n<input type=\"hidden\" name=\"_wpcf7_version\" value=\"6.0.6\" \/>\n<input type=\"hidden\" name=\"_wpcf7_locale\" value=\"es_ES\" \/>\n<input type=\"hidden\" name=\"_wpcf7_unit_tag\" value=\"wpcf7-f2185-o1\" \/>\n<input type=\"hidden\" name=\"_wpcf7_container_post\" value=\"0\" \/>\n<input type=\"hidden\" name=\"_wpcf7_posted_data_hash\" value=\"\" \/>\n<input type=\"hidden\" name=\"_wpcf7_recaptcha_response\" value=\"\" \/>\n<\/div>\n<p class=\"\">Nome (*)\n<\/p>\n<p><span class=\"wpcf7-form-control-wrap\" data-name=\"your-name\"><input size=\"40\" maxlength=\"400\" class=\"wpcf7-form-control wpcf7-text wpcf7-validates-as-required\" aria-required=\"true\" aria-invalid=\"false\" value=\"\" type=\"text\" name=\"your-name\" \/><\/span>\n<\/p>\n<p>Email (*)\n<\/p>\n<p><span class=\"wpcf7-form-control-wrap\" data-name=\"your-email\"><input size=\"40\" maxlength=\"400\" class=\"wpcf7-form-control wpcf7-email wpcf7-validates-as-required wpcf7-text wpcf7-validates-as-email\" aria-required=\"true\" aria-invalid=\"false\" value=\"\" type=\"email\" name=\"your-email\" \/><\/span>\n<\/p>\n<p>Telefono (*)\n<\/p>\n<p><span class=\"wpcf7-form-control-wrap\" data-name=\"tel-524\"><input size=\"40\" maxlength=\"400\" class=\"wpcf7-form-control wpcf7-tel wpcf7-validates-as-required wpcf7-text wpcf7-validates-as-tel\" aria-required=\"true\" aria-invalid=\"false\" value=\"\" type=\"tel\" name=\"tel-524\" \/><\/span>\n<\/p>\n<p>MESSAGGIO:\n<\/p>\n<p><span class=\"wpcf7-form-control-wrap\" data-name=\"your-message\"><textarea cols=\"40\" rows=\"10\" maxlength=\"2000\" class=\"wpcf7-form-control wpcf7-textarea\" aria-invalid=\"false\" name=\"your-message\"><\/textarea><\/span>\n<\/p>\n<p style=\"text-align: center;\">(*) Campi obbligatori\n<\/p>\n<p><input class=\"wpcf7-form-control wpcf7-submit has-spinner button\" type=\"submit\" value=\"INVIARE\" \/>\n<\/p><div class=\"wpcf7-response-output\" aria-hidden=\"true\"><\/div>\n<\/form>\n<\/div>\n<\/div>\t\t\t\t<\/div>\n\t\t\t\t<\/div>\n\t\t\t\t\t<\/div>\n\t\t<\/div>\n\t\t\t\t<div class=\"elementor-column elementor-col-33 elementor-top-column elementor-element elementor-element-4fc25d1\" data-id=\"4fc25d1\" data-element_type=\"column\">\n\t\t\t<div class=\"elementor-widget-wrap elementor-element-populated\">\n\t\t\t\t\t\t<div class=\"elementor-element elementor-element-e760f60 elementor-widget elementor-widget-text-editor\" data-id=\"e760f60\" data-element_type=\"widget\" data-widget_type=\"text-editor.default\">\n\t\t\t\t<div class=\"elementor-widget-container\">\n\t\t\t\t\t\t\t\t\t<h5>INFORMAZIONI<br \/><span style=\"color: #4bad05;\">(QUERIES VIA FORM):<\/span><\/h5>\t\t\t\t\t\t\t\t<\/div>\n\t\t\t\t<\/div>\n\t\t\t\t<div class=\"elementor-element elementor-element-bac75ff elementor-widget elementor-widget-text-editor\" data-id=\"bac75ff\" data-element_type=\"widget\" data-widget_type=\"text-editor.default\">\n\t\t\t\t<div class=\"elementor-widget-container\">\n\t\t\t\t\t\t\t\t\t<p>Responsabile: <br \/><strong><em>Associazione Green Planet Cannabis Club Barcelona.<\/em><\/strong><\/p>\n<p>Scopo: <br \/>Invio di <strong>informazioni richieste<\/strong>, invio di <strong>mailing elettronici<\/strong> con informazioni su colloqui di<br \/>formazione, dibattiti sociali, eventi di club music, &#8230;<\/p>\n<p>Legittimazione:\u00a0<br \/><em><strong>Consenso espresso interessato<\/strong><\/em><\/p>\n<p>Destinatari: <br \/><strong>ASOC. GREEN PLANET CANNABIS CLUB BARCELONA Association<\/strong>, attraverso IONOS.<\/p>\n<p>Diritti: <br \/><em><strong>Accesso, rettifica, cancellazione, opposizione, dimenticanza <\/strong>e<strong> portabilit\u00e0 <\/strong><\/em>inviando posta a: <a href=\"mailto:info@greenplanet-cannabisclub.com\"><strong>info@greenplanet-cannabisclub.com<\/strong><\/a><\/p>\n<p>\u00a0<\/p>\t\t\t\t\t\t\t\t<\/div>\n\t\t\t\t<\/div>\n\t\t\t\t\t<\/div>\n\t\t<\/div>\n\t\t\t\t\t<\/div>\n\t\t<\/section>\n\t\t\t\t<\/div>\n\t\t","protected":false},"excerpt":{"rendered":"<p>\u00a0 DOVE SIAMO ASSOCIAZIONE GREEN PLANET &#8211; CANNABIS CLUB BARCELLONA? Il\u00a0ASOC. GREEN PLANET CANNABIS CLUB BARCELONA\u00a0\u00e8 situato nel cuore della Ciutad Vella, nel quartiere\u00a0Gotico, una delle zone pi\u00f9 antiche e storiche della citt\u00e0. Appena dietro Pla\u00e7a Reial \u00a0e a soli\u00a0tre minuti a piedi da La Rambla di Barcellona, in una zona dove sono presenti numerosi [&hellip;]<\/p>\n","protected":false},"author":2,"featured_media":0,"parent":0,"menu_order":0,"comment_status":"closed","ping_status":"closed","template":"template\/template-page-full-width.php","meta":{"footnotes":""},"class_list":["post-2187","page","type-page","status-publish","hentry"],"aioseo_notices":[],"_links":{"self":[{"href":"https:\/\/greenplanet-cannabisclub.com\/it\/wp-json\/wp\/v2\/pages\/2187","targetHints":{"allow":["GET"]}}],"collection":[{"href":"https:\/\/greenplanet-cannabisclub.com\/it\/wp-json\/wp\/v2\/pages"}],"about":[{"href":"https:\/\/greenplanet-cannabisclub.com\/it\/wp-json\/wp\/v2\/types\/page"}],"author":[{"embeddable":true,"href":"https:\/\/greenplanet-cannabisclub.com\/it\/wp-json\/wp\/v2\/users\/2"}],"replies":[{"embeddable":true,"href":"https:\/\/greenplanet-cannabisclub.com\/it\/wp-json\/wp\/v2\/comments?post=2187"}],"version-history":[{"count":29,"href":"https:\/\/greenplanet-cannabisclub.com\/it\/wp-json\/wp\/v2\/pages\/2187\/revisions"}],"predecessor-version":[{"id":2993,"href":"https:\/\/greenplanet-cannabisclub.com\/it\/wp-json\/wp\/v2\/pages\/2187\/revisions\/2993"}],"wp:attachment":[{"href":"https:\/\/greenplanet-cannabisclub.com\/it\/wp-json\/wp\/v2\/media?parent=2187"}],"curies":[{"name":"wp","href":"https:\/\/api.w.org\/{rel}","templated":true}]}}