{"id":1939,"date":"2019-04-15T16:35:55","date_gmt":"2019-04-15T14:35:55","guid":{"rendered":"http:\/\/greenplanet-cannabisclub.com\/asociacion-fumadores-cannabis-barcelona-greenplanet-cannabis-club\/"},"modified":"2022-11-28T19:11:12","modified_gmt":"2022-11-28T18:11:12","slug":"association-smokers-cannabis-marijuana-barcelona-greenplanet-cannabis-club","status":"publish","type":"page","link":"https:\/\/greenplanet-cannabisclub.com\/en\/association-smokers-cannabis-marijuana-barcelona-greenplanet-cannabis-club\/","title":{"rendered":"GREEN PLANET ASSOCIATION"},"content":{"rendered":"\t\t<div data-elementor-type=\"wp-post\" data-elementor-id=\"1939\" class=\"elementor elementor-1939\">\n\t\t\t\t\t\t<section class=\"elementor-section elementor-top-section elementor-element elementor-element-a3565d4 elementor-section-boxed elementor-section-height-default elementor-section-height-default\" data-id=\"a3565d4\" data-element_type=\"section\">\n\t\t\t\t\t\t<div class=\"elementor-container elementor-column-gap-default\">\n\t\t\t\t\t<div class=\"elementor-column elementor-col-100 elementor-top-column elementor-element elementor-element-4f35d77\" data-id=\"4f35d77\" data-element_type=\"column\">\n\t\t\t<div class=\"elementor-widget-wrap elementor-element-populated\">\n\t\t\t\t\t\t<div class=\"elementor-element elementor-element-0bb2066 elementor-widget elementor-widget-image\" data-id=\"0bb2066\" data-element_type=\"widget\" data-widget_type=\"image.default\">\n\t\t\t\t<div class=\"elementor-widget-container\">\n\t\t\t\t\t\t\t\t\t\t\t\t\t\t\t<img fetchpriority=\"high\" decoding=\"async\" width=\"1350\" height=\"900\" src=\"https:\/\/greenplanet-cannabisclub.com\/wp-content\/uploads\/2019\/04\/IMG_8729R.jpg\" class=\"attachment-full size-full wp-image-1726\" alt=\"GREEN PLANET (Barcelona) Asociaci\u00f3n Cann\u00e1bica sin \u00e1nimo de lucro para fumadores de Cannabis - Marihuana - Marijuana en Barcelona. CANNABIS CLUB SOCIAL IN BARCELONA.\" srcset=\"https:\/\/greenplanet-cannabisclub.com\/wp-content\/uploads\/2019\/04\/IMG_8729R.jpg 1350w, https:\/\/greenplanet-cannabisclub.com\/wp-content\/uploads\/2019\/04\/IMG_8729R-300x200.jpg 300w, https:\/\/greenplanet-cannabisclub.com\/wp-content\/uploads\/2019\/04\/IMG_8729R-768x512.jpg 768w, https:\/\/greenplanet-cannabisclub.com\/wp-content\/uploads\/2019\/04\/IMG_8729R-1024x683.jpg 1024w\" sizes=\"(max-width: 1350px) 100vw, 1350px\" \/>\t\t\t\t\t\t\t\t\t\t\t\t\t\t\t<\/div>\n\t\t\t\t<\/div>\n\t\t\t\t<div class=\"elementor-element elementor-element-6b28327 elementor-widget elementor-widget-spacer\" data-id=\"6b28327\" data-element_type=\"widget\" data-widget_type=\"spacer.default\">\n\t\t\t\t<div class=\"elementor-widget-container\">\n\t\t\t\t\t\t\t<div class=\"elementor-spacer\">\n\t\t\t<div class=\"elementor-spacer-inner\"><\/div>\n\t\t<\/div>\n\t\t\t\t\t\t<\/div>\n\t\t\t\t<\/div>\n\t\t\t\t\t<\/div>\n\t\t<\/div>\n\t\t\t\t\t<\/div>\n\t\t<\/section>\n\t\t\t\t<section class=\"elementor-section elementor-top-section elementor-element elementor-element-f5ff3f1 elementor-section-boxed elementor-section-height-default elementor-section-height-default\" data-id=\"f5ff3f1\" data-element_type=\"section\">\n\t\t\t\t\t\t<div class=\"elementor-container elementor-column-gap-default\">\n\t\t\t\t\t<div class=\"elementor-column elementor-col-66 elementor-top-column elementor-element elementor-element-b17fa02\" data-id=\"b17fa02\" data-element_type=\"column\" data-settings=\"{&quot;background_background&quot;:&quot;classic&quot;}\">\n\t\t\t<div class=\"elementor-widget-wrap elementor-element-populated\">\n\t\t\t\t\t\t<div class=\"elementor-element elementor-element-b9f905c elementor-widget elementor-widget-spacer\" data-id=\"b9f905c\" data-element_type=\"widget\" data-widget_type=\"spacer.default\">\n\t\t\t\t<div class=\"elementor-widget-container\">\n\t\t\t\t\t\t\t<div class=\"elementor-spacer\">\n\t\t\t<div class=\"elementor-spacer-inner\"><\/div>\n\t\t<\/div>\n\t\t\t\t\t\t<\/div>\n\t\t\t\t<\/div>\n\t\t\t\t<div class=\"elementor-element elementor-element-3706782 elementor-widget elementor-widget-image\" data-id=\"3706782\" data-element_type=\"widget\" data-widget_type=\"image.default\">\n\t\t\t\t<div class=\"elementor-widget-container\">\n\t\t\t\t\t\t\t\t\t\t\t\t\t\t\t<img decoding=\"async\" width=\"696\" height=\"218\" src=\"https:\/\/greenplanet-cannabisclub.com\/wp-content\/uploads\/2021\/04\/LOGO-GREEN-PLANET-FINAL-1024x321.jpg\" class=\"attachment-large size-large wp-image-3048\" alt=\"\" srcset=\"https:\/\/greenplanet-cannabisclub.com\/wp-content\/uploads\/2021\/04\/LOGO-GREEN-PLANET-FINAL-1024x321.jpg 1024w, https:\/\/greenplanet-cannabisclub.com\/wp-content\/uploads\/2021\/04\/LOGO-GREEN-PLANET-FINAL-300x94.jpg 300w, https:\/\/greenplanet-cannabisclub.com\/wp-content\/uploads\/2021\/04\/LOGO-GREEN-PLANET-FINAL-768x240.jpg 768w\" sizes=\"(max-width: 696px) 100vw, 696px\" \/>\t\t\t\t\t\t\t\t\t\t\t\t\t\t\t<\/div>\n\t\t\t\t<\/div>\n\t\t\t\t<div class=\"elementor-element elementor-element-3742ac7 elementor-widget elementor-widget-spacer\" data-id=\"3742ac7\" data-element_type=\"widget\" data-widget_type=\"spacer.default\">\n\t\t\t\t<div class=\"elementor-widget-container\">\n\t\t\t\t\t\t\t<div class=\"elementor-spacer\">\n\t\t\t<div class=\"elementor-spacer-inner\"><\/div>\n\t\t<\/div>\n\t\t\t\t\t\t<\/div>\n\t\t\t\t<\/div>\n\t\t\t\t<div class=\"elementor-element elementor-element-5c0c283 elementor-widget elementor-widget-text-editor\" data-id=\"5c0c283\" data-element_type=\"widget\" data-widget_type=\"text-editor.default\">\n\t\t\t\t<div class=\"elementor-widget-container\">\n\t\t\t\t\t\t\t\t\t<h2 style=\"font-family: Roboto, sans-serif; text-align: center;\"><span style=\"color: #4bad05;\"><strong>ASSOCIATION (ASOC.) GREEN PLANET<br \/>CANNABIS CLUB BARCELONA<\/strong><\/span><\/h2><h6 style=\"text-align: center;\">AT THE SERVICE OF CONTROLLED\u00a0<br \/>AND LEGAL USE OF<br \/><span style=\"color: #4bad05;\">CANNABIS<\/span>\u00a0IN\u00a0<span style=\"color: #4bad05;\">BARCELONA<\/span><\/h6>\t\t\t\t\t\t\t\t<\/div>\n\t\t\t\t<\/div>\n\t\t\t\t\t<\/div>\n\t\t<\/div>\n\t\t\t\t<div class=\"elementor-column elementor-col-33 elementor-top-column elementor-element elementor-element-364c979 elementor-invisible\" data-id=\"364c979\" data-element_type=\"column\" data-settings=\"{&quot;animation&quot;:&quot;fadeIn&quot;,&quot;animation_delay&quot;:100}\">\n\t\t\t<div class=\"elementor-widget-wrap elementor-element-populated\">\n\t\t\t\t\t\t<div class=\"elementor-element elementor-element-e6cb1ae elementor-widget elementor-widget-heading\" data-id=\"e6cb1ae\" data-element_type=\"widget\" data-widget_type=\"heading.default\">\n\t\t\t\t<div class=\"elementor-widget-container\">\n\t\t\t\t\t<h2 class=\"elementor-heading-title elementor-size-default\">WHO WE ARE?<\/h2>\t\t\t\t<\/div>\n\t\t\t\t<\/div>\n\t\t\t\t<div class=\"elementor-element elementor-element-ef0a827 elementor-widget elementor-widget-text-editor\" data-id=\"ef0a827\" data-element_type=\"widget\" data-widget_type=\"text-editor.default\">\n\t\t\t\t<div class=\"elementor-widget-container\">\n\t\t\t\t\t\t\t\t\t<p align=\"justify\">The <strong>ASOCIACI\u00d3N GREEN PLANET CANNABIS CLUB BARCELONA <\/strong>\u00a0is a <strong><span style=\"color: #4bad05;\">not-for-profit association<\/span><\/strong> for <strong>users of cannabis<\/strong><strong>.<\/strong><\/p><ul><li>The <strong>Asociaci\u00f3n Green Planet Cannabis Club Barcelona\u00a0 <\/strong>fights for the <strong><span style=\"color: #4bad05;\">legalisation of cannabis consumption<\/span>\u00a0<\/strong>and aims to<span style=\"color: #4bad05;\"><strong> eradicate the black market<\/strong><\/span><strong>.<\/strong><\/li><li>The <strong>Asociaci\u00f3n Green Planet Cannabis Club Barcelona\u00a0\u00a0<\/strong>offers the option of <strong>participating<\/strong> in a <strong><span style=\"color: #4bad05;\">shared, controlled and unadulterated crop<\/span>.<\/strong><\/li><li>The\u00a0<strong>Asociaci\u00f3n Green Planet Cannabis Club Barcelona <\/strong>guarantees the <strong><span style=\"color: #4bad05;\">optimum quality<\/span> <span style=\"color: #4bad05;\">for consumption<\/span><\/strong> thanks to the management of a qualified team.<\/li><li>The <strong>Asociaci\u00f3n Green Planet Cannabis Club Barcelona\u00a0<\/strong>offers <strong><span style=\"color: #4bad05;\">medical consultation<\/span> <\/strong>and<strong> <span style=\"color: #4bad05;\">legal advice <\/span><\/strong><strong>services <\/strong>to its <strong>members.<\/strong><\/li><li>The\u00a0<strong>Asociaci\u00f3n Green Planet Cannabis Club Barcelona\u00a0\u00a0<\/strong>is formed by:<ul><li><strong><span style=\"color: #4bad05;\">The Management Board<\/span><\/strong> is \u00a0in charge of the <strong>day-to-day running of the association<\/strong> and <strong>club<\/strong>. It is obliged to <strong>report<\/strong> changes affecting the modification of statutes or rules of operation to the General Assembly.<\/li><li>The <strong><span style=\"color: #4bad05;\">General Assembly<\/span><\/strong> is the <strong>ultimate decision-making<\/strong> body comprising all the members of the association which comes together annually at ordinary meetings and at extraordinary meetings as required.<\/li><\/ul><\/li><\/ul><p align=\"justify\">\u00a0<\/p>\t\t\t\t\t\t\t\t<\/div>\n\t\t\t\t<\/div>\n\t\t\t\t\t<\/div>\n\t\t<\/div>\n\t\t\t\t\t<\/div>\n\t\t<\/section>\n\t\t\t\t<section class=\"elementor-section elementor-top-section elementor-element elementor-element-777c8b6 elementor-section-boxed elementor-section-height-default elementor-section-height-default\" data-id=\"777c8b6\" data-element_type=\"section\">\n\t\t\t\t\t\t<div class=\"elementor-container elementor-column-gap-default\">\n\t\t\t\t\t<div class=\"elementor-column elementor-col-100 elementor-top-column elementor-element elementor-element-cc462cc\" data-id=\"cc462cc\" data-element_type=\"column\">\n\t\t\t<div class=\"elementor-widget-wrap elementor-element-populated\">\n\t\t\t\t\t\t<div class=\"elementor-element elementor-element-ae75f42 elementor-widget elementor-widget-spacer\" data-id=\"ae75f42\" data-element_type=\"widget\" data-widget_type=\"spacer.default\">\n\t\t\t\t<div class=\"elementor-widget-container\">\n\t\t\t\t\t\t\t<div class=\"elementor-spacer\">\n\t\t\t<div class=\"elementor-spacer-inner\"><\/div>\n\t\t<\/div>\n\t\t\t\t\t\t<\/div>\n\t\t\t\t<\/div>\n\t\t\t\t\t<\/div>\n\t\t<\/div>\n\t\t\t\t\t<\/div>\n\t\t<\/section>\n\t\t\t\t<section class=\"elementor-section elementor-top-section elementor-element elementor-element-78d7885 elementor-section-stretched elementor-section-height-min-height elementor-section-boxed elementor-section-height-default elementor-section-items-middle\" data-id=\"78d7885\" data-element_type=\"section\" data-settings=\"{&quot;background_background&quot;:&quot;classic&quot;,&quot;stretch_section&quot;:&quot;section-stretched&quot;}\">\n\t\t\t\t\t\t<div class=\"elementor-container elementor-column-gap-default\">\n\t\t\t\t\t<div class=\"elementor-column elementor-col-100 elementor-top-column elementor-element elementor-element-0fbf12f\" data-id=\"0fbf12f\" data-element_type=\"column\" data-settings=\"{&quot;background_background&quot;:&quot;classic&quot;}\">\n\t\t\t<div class=\"elementor-widget-wrap elementor-element-populated\">\n\t\t\t\t\t\t<div class=\"elementor-element elementor-element-afb1a1b elementor-widget elementor-widget-text-editor\" data-id=\"afb1a1b\" data-element_type=\"widget\" data-widget_type=\"text-editor.default\">\n\t\t\t\t<div class=\"elementor-widget-container\">\n\t\t\t\t\t\t\t\t\t<h2 style=\"text-align: center;\"><strong style=\"font-size: 1.875rem;\">GET INFORMED<\/strong><span style=\"font-size: 1.875rem;\">:<\/span><\/h2><p style=\"text-align: center;\"><strong style=\"color: #4bad05;\">WANT TO KNOW MORE ABOUT US?<\/strong><\/p><p style=\"text-align: center;\">If you are of\u00a0<strong>legal age<\/strong>\u00a0and meet the\u00a0<strong>requirements<\/strong>\u00a0for joining the\u00a0<br \/>Association, contact\u00a0<span style=\"color: #4bad05;\"><br \/><strong>GREEN PLANET &#8211; CANNABIS CLUB BARCELONA<\/strong><\/span><\/p>\t\t\t\t\t\t\t\t<\/div>\n\t\t\t\t<\/div>\n\t\t\t\t<div class=\"elementor-element elementor-element-d9ce40f elementor-align-center elementor-tablet-align-center elementor-mobile-align-center elementor-widget elementor-widget-button\" data-id=\"d9ce40f\" data-element_type=\"widget\" data-widget_type=\"button.default\">\n\t\t\t\t<div class=\"elementor-widget-container\">\n\t\t\t\t\t\t\t\t\t<div class=\"elementor-button-wrapper\">\n\t\t\t\t\t<a class=\"elementor-button elementor-button-link elementor-size-sm\" href=\"https:\/\/api.whatsapp.com\/send?phone=34612530654&#038;text=Hi%20there!%20Send%20your%20questions\/doubts%20and%20we%20will%20get%20back%20to%20you%20as%20soon%20as%20possible!\" target=\"_blank\" rel=\"nofollow\">\n\t\t\t\t\t\t<span class=\"elementor-button-content-wrapper\">\n\t\t\t\t\t\t<span class=\"elementor-button-icon\">\n\t\t\t\t\t\t\t\t\t<i class=\"fa fa-caret-right\" aria-hidden=\"true\"><\/i>\n\t\t\t\t\t\t\t<\/span>\n\t\t\t\t\t\t\t\t\t<span class=\"elementor-button-text\">CHAT WITH US<\/span>\n\t\t\t\t\t<\/span>\n\t\t\t\t\t<\/a>\n\t\t\t\t<\/div>\n\t\t\t\t\t\t\t\t<\/div>\n\t\t\t\t<\/div>\n\t\t\t\t\t<\/div>\n\t\t<\/div>\n\t\t\t\t\t<\/div>\n\t\t<\/section>\n\t\t\t\t<section class=\"elementor-section elementor-top-section elementor-element elementor-element-49fa424 elementor-section-height-min-height elementor-section-boxed elementor-section-height-default elementor-section-items-middle\" data-id=\"49fa424\" data-element_type=\"section\" data-settings=\"{&quot;background_background&quot;:&quot;classic&quot;}\">\n\t\t\t\t\t\t<div class=\"elementor-container elementor-column-gap-default\">\n\t\t\t\t\t<div class=\"elementor-column elementor-col-100 elementor-top-column elementor-element elementor-element-616ec73\" data-id=\"616ec73\" data-element_type=\"column\">\n\t\t\t<div class=\"elementor-widget-wrap elementor-element-populated\">\n\t\t\t\t\t\t<div class=\"elementor-element elementor-element-56b58ef elementor-widget elementor-widget-heading\" data-id=\"56b58ef\" data-element_type=\"widget\" data-widget_type=\"heading.default\">\n\t\t\t\t<div class=\"elementor-widget-container\">\n\t\t\t\t\t<h3 class=\"elementor-heading-title elementor-size-large\">WHAT WILL YOU FIND AT THE ASSOCIATION?<\/h3>\t\t\t\t<\/div>\n\t\t\t\t<\/div>\n\t\t\t\t<div class=\"elementor-element elementor-element-89b92b7 elementor-widget elementor-widget-heading\" data-id=\"89b92b7\" data-element_type=\"widget\" data-widget_type=\"heading.default\">\n\t\t\t\t<div class=\"elementor-widget-container\">\n\t\t\t\t\t<h3 class=\"elementor-heading-title elementor-size-large\">INFORMATION & <br>\nSOMEWHERE TO HAVE FUN<\/h3>\t\t\t\t<\/div>\n\t\t\t\t<\/div>\n\t\t\t\t<div class=\"elementor-element elementor-element-a5dd80f elementor-widget elementor-widget-spacer\" data-id=\"a5dd80f\" data-element_type=\"widget\" data-widget_type=\"spacer.default\">\n\t\t\t\t<div class=\"elementor-widget-container\">\n\t\t\t\t\t\t\t<div class=\"elementor-spacer\">\n\t\t\t<div class=\"elementor-spacer-inner\"><\/div>\n\t\t<\/div>\n\t\t\t\t\t\t<\/div>\n\t\t\t\t<\/div>\n\t\t\t\t<section class=\"elementor-section elementor-inner-section elementor-element elementor-element-6a161a8 elementor-section-height-min-height elementor-section-content-middle elementor-section-boxed elementor-section-height-default\" data-id=\"6a161a8\" data-element_type=\"section\" data-settings=\"{&quot;background_background&quot;:&quot;classic&quot;}\">\n\t\t\t\t\t\t<div class=\"elementor-container elementor-column-gap-no\">\n\t\t\t\t\t<div class=\"elementor-column elementor-col-50 elementor-inner-column elementor-element elementor-element-844af29\" data-id=\"844af29\" data-element_type=\"column\" data-settings=\"{&quot;background_background&quot;:&quot;classic&quot;}\">\n\t\t\t<div class=\"elementor-widget-wrap elementor-element-populated\">\n\t\t\t\t\t\t<div class=\"elementor-element elementor-element-ddf76c6 elementor-widget elementor-widget-spacer\" data-id=\"ddf76c6\" data-element_type=\"widget\" data-widget_type=\"spacer.default\">\n\t\t\t\t<div class=\"elementor-widget-container\">\n\t\t\t\t\t\t\t<div class=\"elementor-spacer\">\n\t\t\t<div class=\"elementor-spacer-inner\"><\/div>\n\t\t<\/div>\n\t\t\t\t\t\t<\/div>\n\t\t\t\t<\/div>\n\t\t\t\t\t<\/div>\n\t\t<\/div>\n\t\t\t\t<div class=\"elementor-column elementor-col-50 elementor-inner-column elementor-element elementor-element-9c7c258\" data-id=\"9c7c258\" data-element_type=\"column\">\n\t\t\t<div class=\"elementor-widget-wrap elementor-element-populated\">\n\t\t\t\t\t\t<div class=\"elementor-element elementor-element-212bcac elementor-widget elementor-widget-heading\" data-id=\"212bcac\" data-element_type=\"widget\" data-widget_type=\"heading.default\">\n\t\t\t\t<div class=\"elementor-widget-container\">\n\t\t\t\t\t<h2 class=\"elementor-heading-title elementor-size-medium\">A LEGAL PLACE FOR THE CONSUMPTION OF CANNABIS<\/h2>\t\t\t\t<\/div>\n\t\t\t\t<\/div>\n\t\t\t\t\t<\/div>\n\t\t<\/div>\n\t\t\t\t\t<\/div>\n\t\t<\/section>\n\t\t\t\t<section class=\"elementor-section elementor-inner-section elementor-element elementor-element-e14046b elementor-section-height-min-height elementor-section-content-middle elementor-section-boxed elementor-section-height-default\" data-id=\"e14046b\" data-element_type=\"section\" data-settings=\"{&quot;background_background&quot;:&quot;classic&quot;}\">\n\t\t\t\t\t\t<div class=\"elementor-container elementor-column-gap-no\">\n\t\t\t\t\t<div class=\"elementor-column elementor-col-50 elementor-inner-column elementor-element elementor-element-47bded0\" data-id=\"47bded0\" data-element_type=\"column\" data-settings=\"{&quot;background_background&quot;:&quot;classic&quot;}\">\n\t\t\t<div class=\"elementor-widget-wrap elementor-element-populated\">\n\t\t\t\t\t\t<div class=\"elementor-element elementor-element-1d5d857 elementor-widget elementor-widget-spacer\" data-id=\"1d5d857\" data-element_type=\"widget\" data-widget_type=\"spacer.default\">\n\t\t\t\t<div class=\"elementor-widget-container\">\n\t\t\t\t\t\t\t<div class=\"elementor-spacer\">\n\t\t\t<div class=\"elementor-spacer-inner\"><\/div>\n\t\t<\/div>\n\t\t\t\t\t\t<\/div>\n\t\t\t\t<\/div>\n\t\t\t\t\t<\/div>\n\t\t<\/div>\n\t\t\t\t<div class=\"elementor-column elementor-col-50 elementor-inner-column elementor-element elementor-element-13214a9\" data-id=\"13214a9\" data-element_type=\"column\">\n\t\t\t<div class=\"elementor-widget-wrap elementor-element-populated\">\n\t\t\t\t\t\t<div class=\"elementor-element elementor-element-1c4d242 elementor-widget elementor-widget-heading\" data-id=\"1c4d242\" data-element_type=\"widget\" data-widget_type=\"heading.default\">\n\t\t\t\t<div class=\"elementor-widget-container\">\n\t\t\t\t\t<h2 class=\"elementor-heading-title elementor-size-medium\">\nINFORMATION, ADVICE AND SOCIAL DEBATE<\/h2>\t\t\t\t<\/div>\n\t\t\t\t<\/div>\n\t\t\t\t\t<\/div>\n\t\t<\/div>\n\t\t\t\t\t<\/div>\n\t\t<\/section>\n\t\t\t\t<section class=\"elementor-section elementor-inner-section elementor-element elementor-element-a583ef5 elementor-section-height-min-height elementor-section-content-middle elementor-section-boxed elementor-section-height-default\" data-id=\"a583ef5\" data-element_type=\"section\" data-settings=\"{&quot;background_background&quot;:&quot;classic&quot;}\">\n\t\t\t\t\t\t<div class=\"elementor-container elementor-column-gap-no\">\n\t\t\t\t\t<div class=\"elementor-column elementor-col-50 elementor-inner-column elementor-element elementor-element-352caf1\" data-id=\"352caf1\" data-element_type=\"column\" data-settings=\"{&quot;background_background&quot;:&quot;classic&quot;}\">\n\t\t\t<div class=\"elementor-widget-wrap elementor-element-populated\">\n\t\t\t\t\t\t<div class=\"elementor-element elementor-element-ca77a6b elementor-widget elementor-widget-spacer\" data-id=\"ca77a6b\" data-element_type=\"widget\" data-widget_type=\"spacer.default\">\n\t\t\t\t<div class=\"elementor-widget-container\">\n\t\t\t\t\t\t\t<div class=\"elementor-spacer\">\n\t\t\t<div class=\"elementor-spacer-inner\"><\/div>\n\t\t<\/div>\n\t\t\t\t\t\t<\/div>\n\t\t\t\t<\/div>\n\t\t\t\t\t<\/div>\n\t\t<\/div>\n\t\t\t\t<div class=\"elementor-column elementor-col-50 elementor-inner-column elementor-element elementor-element-e549583\" data-id=\"e549583\" data-element_type=\"column\">\n\t\t\t<div class=\"elementor-widget-wrap elementor-element-populated\">\n\t\t\t\t\t\t<div class=\"elementor-element elementor-element-9bd48b6 elementor-widget elementor-widget-heading\" data-id=\"9bd48b6\" data-element_type=\"widget\" data-widget_type=\"heading.default\">\n\t\t\t\t<div class=\"elementor-widget-container\">\n\t\t\t\t\t<h2 class=\"elementor-heading-title elementor-size-medium\">ART AND MUSIC<\/h2>\t\t\t\t<\/div>\n\t\t\t\t<\/div>\n\t\t\t\t\t<\/div>\n\t\t<\/div>\n\t\t\t\t\t<\/div>\n\t\t<\/section>\n\t\t\t\t\t<\/div>\n\t\t<\/div>\n\t\t\t\t\t<\/div>\n\t\t<\/section>\n\t\t\t\t<section class=\"elementor-section elementor-top-section elementor-element elementor-element-a03f74e elementor-section-boxed elementor-section-height-default elementor-section-height-default\" data-id=\"a03f74e\" data-element_type=\"section\">\n\t\t\t\t\t\t<div class=\"elementor-container elementor-column-gap-default\">\n\t\t\t\t\t<div class=\"elementor-column elementor-col-100 elementor-top-column elementor-element elementor-element-269d879\" data-id=\"269d879\" data-element_type=\"column\">\n\t\t\t<div class=\"elementor-widget-wrap elementor-element-populated\">\n\t\t\t\t\t\t<div class=\"elementor-element elementor-element-3e58997 elementor-widget elementor-widget-text-editor\" data-id=\"3e58997\" data-element_type=\"widget\" data-widget_type=\"text-editor.default\">\n\t\t\t\t<div class=\"elementor-widget-container\">\n\t\t\t\t\t\t\t\t\t<p><span style=\"color: #333333;\">If you are\u00a0<\/span><strong style=\"color: #333333;\">interested in becoming part of the Association<\/strong><span style=\"color: #333333;\">\u00a0and meet the\u00a0<\/span><strong style=\"color: #333333;\">Requirements<\/strong><span style=\"color: #333333;\">\u00a0to do so\u2026<\/span><\/p>\t\t\t\t\t\t\t\t<\/div>\n\t\t\t\t<\/div>\n\t\t\t\t<div class=\"elementor-element elementor-element-c315b3b elementor-widget elementor-widget-heading\" data-id=\"c315b3b\" data-element_type=\"widget\" data-widget_type=\"heading.default\">\n\t\t\t\t<div class=\"elementor-widget-container\">\n\t\t\t\t\t<h3 class=\"elementor-heading-title elementor-size-large\"><h3 style=\"white-space: normal;\"><span style=\"color: rgb(75, 173, 5); font-size: 49px;\"><strong>WE\u2019LL BE WAITING FOR YOU!<\/strong><\/span><\/h3><\/h3>\t\t\t\t<\/div>\n\t\t\t\t<\/div>\n\t\t\t\t<div class=\"elementor-element elementor-element-8315f51 elementor-widget elementor-widget-spacer\" data-id=\"8315f51\" data-element_type=\"widget\" data-widget_type=\"spacer.default\">\n\t\t\t\t<div class=\"elementor-widget-container\">\n\t\t\t\t\t\t\t<div class=\"elementor-spacer\">\n\t\t\t<div class=\"elementor-spacer-inner\"><\/div>\n\t\t<\/div>\n\t\t\t\t\t\t<\/div>\n\t\t\t\t<\/div>\n\t\t\t\t\t<\/div>\n\t\t<\/div>\n\t\t\t\t\t<\/div>\n\t\t<\/section>\n\t\t\t\t<section class=\"elementor-section elementor-top-section elementor-element elementor-element-84a1b13 elementor-section-boxed elementor-section-height-default elementor-section-height-default\" data-id=\"84a1b13\" data-element_type=\"section\">\n\t\t\t\t\t\t<div class=\"elementor-container elementor-column-gap-default\">\n\t\t\t\t\t<div class=\"elementor-column elementor-col-100 elementor-top-column elementor-element elementor-element-121db89\" data-id=\"121db89\" data-element_type=\"column\">\n\t\t\t<div class=\"elementor-widget-wrap elementor-element-populated\">\n\t\t\t\t\t\t<div class=\"elementor-element elementor-element-80364e8 elementor-widget elementor-widget-text-editor\" data-id=\"80364e8\" data-element_type=\"widget\" data-widget_type=\"text-editor.default\">\n\t\t\t\t<div class=\"elementor-widget-container\">\n\t\t\t\t\t\t\t\t\t<h3 style=\"text-align: center;\">WHERE IS THE\u00a0<span style=\"color: #4bad05;\">ASOCIACI\u00d3N GREEN PLANET &#8211; CANNABIS CLUB BARCELONA?<\/span><\/h3><p align=\"justify\"><strong style=\"font-size: 0.9375rem;\">ASOC. GREEN PLANET CANNABIS CLUB BARCELONA<\/strong><span style=\"font-size: 0.9375rem;\">\u00a0is situated in the heart of the\u00a0<\/span><strong style=\"font-size: 0.9375rem;\"><span style=\"color: #4bad05;\">Gothic quarter<\/span><\/strong><span style=\"font-size: 0.9375rem;\">, one of the oldest and most historical areas of the city. Right at<\/span><strong style=\"font-size: 0.9375rem;\"><span style=\"color: #4bad05;\">\u00a0Plaza Real (Pla\u00e7a Reial)<\/span><\/strong><span style=\"font-size: 0.9375rem;\"> and only a minutes\u2019 walk from <\/span><strong style=\"font-size: 0.9375rem;\"><span style=\"color: #4bad05;\">La Rambla Barcelona<\/span><\/strong><span style=\"font-size: 0.9375rem;\">. An area with various\u00a0<\/span><strong style=\"font-size: 0.9375rem;\">Pubs, Restaurants, Bars<\/strong><span style=\"font-size: 0.9375rem;\"> and, of course, our <strong>CANNABIS<\/strong><\/span><strong style=\"font-size: 0.9375rem;\">\u00a0CLUB<\/strong><\/p>\t\t\t\t\t\t\t\t<\/div>\n\t\t\t\t<\/div>\n\t\t\t\t<div class=\"elementor-element elementor-element-05a6a32 elementor-widget elementor-widget-text-editor\" data-id=\"05a6a32\" data-element_type=\"widget\" data-widget_type=\"text-editor.default\">\n\t\t\t\t<div class=\"elementor-widget-container\">\n\t\t\t\t\t\t\t\t\t<iframe style=\"border: 0;\" src=\"https:\/\/www.google.com\/maps\/embed?pb=!1m18!1m12!1m3!1d5987.434549588637!2d2.171918929889519!3d41.38022692513211!2m3!1f0!2f0!3f0!3m2!1i1024!2i768!4f13.1!3m3!1m2!1s0x12a4a3fd4a560fab%3A0x18cc00b0f29e0135!2sAsoc.+Green+Planet+Cannabis+Club!5e0!3m2!1ses!2sus!4v1555229004782!5m2!1ses!2sus\" width=\"100%\" height=\"450\" frameborder=\"0\" allowfullscreen=\"allowfullscreen\"><\/iframe>\t\t\t\t\t\t\t\t<\/div>\n\t\t\t\t<\/div>\n\t\t\t\t\t<\/div>\n\t\t<\/div>\n\t\t\t\t\t<\/div>\n\t\t<\/section>\n\t\t\t\t<\/div>\n\t\t","protected":false},"excerpt":{"rendered":"<p>ASSOCIATION (ASOC.) GREEN PLANETCANNABIS CLUB BARCELONA AT THE SERVICE OF CONTROLLED\u00a0AND LEGAL USE OFCANNABIS\u00a0IN\u00a0BARCELONA WHO WE ARE? The ASOCIACI\u00d3N GREEN PLANET CANNABIS CLUB BARCELONA \u00a0is a not-for-profit association for users of cannabis. The Asociaci\u00f3n Green Planet Cannabis Club Barcelona\u00a0 fights for the legalisation of cannabis consumption\u00a0and aims to eradicate the black market. The Asociaci\u00f3n Green [&hellip;]<\/p>\n","protected":false},"author":1,"featured_media":0,"parent":0,"menu_order":0,"comment_status":"closed","ping_status":"closed","template":"template\/template-page-full-width.php","meta":{"footnotes":""},"class_list":["post-1939","page","type-page","status-publish","hentry"],"aioseo_notices":[],"_links":{"self":[{"href":"https:\/\/greenplanet-cannabisclub.com\/en\/wp-json\/wp\/v2\/pages\/1939","targetHints":{"allow":["GET"]}}],"collection":[{"href":"https:\/\/greenplanet-cannabisclub.com\/en\/wp-json\/wp\/v2\/pages"}],"about":[{"href":"https:\/\/greenplanet-cannabisclub.com\/en\/wp-json\/wp\/v2\/types\/page"}],"author":[{"embeddable":true,"href":"https:\/\/greenplanet-cannabisclub.com\/en\/wp-json\/wp\/v2\/users\/1"}],"replies":[{"embeddable":true,"href":"https:\/\/greenplanet-cannabisclub.com\/en\/wp-json\/wp\/v2\/comments?post=1939"}],"version-history":[{"count":60,"href":"https:\/\/greenplanet-cannabisclub.com\/en\/wp-json\/wp\/v2\/pages\/1939\/revisions"}],"predecessor-version":[{"id":3272,"href":"https:\/\/greenplanet-cannabisclub.com\/en\/wp-json\/wp\/v2\/pages\/1939\/revisions\/3272"}],"wp:attachment":[{"href":"https:\/\/greenplanet-cannabisclub.com\/en\/wp-json\/wp\/v2\/media?parent=1939"}],"curies":[{"name":"wp","href":"https:\/\/api.w.org\/{rel}","templated":true}]}}